{"id":5220,"date":"2019-08-20T17:22:32","date_gmt":"2019-08-20T15:22:32","guid":{"rendered":"http:\/\/yakuzasushi.sk\/obchodne-podmienky\/"},"modified":"2025-07-25T12:34:16","modified_gmt":"2025-07-25T10:34:16","slug":"terms-of-services","status":"publish","type":"page","link":"https:\/\/yakuzasushi.sk\/en\/terms-of-services\/","title":{"rendered":"Terms of services"},"content":{"rendered":"<div class=\"wpb-content-wrapper\"><p>[vc_row][vc_column][vc_single_image image=&#8221;5221&#8243; img_size=&#8221;full&#8221; alignment=&#8221;center&#8221;][vc_column_text css=&#8221;.vc_custom_1696614667868{padding-top: 20px !important;padding-right: 20px !important;padding-bottom: 20px !important;padding-left: 20px !important;background-color: #f2f2f2 !important;}&#8221;]<\/p>\n<h3 style=\"text-align: center;\">D\u00f4le\u017eit\u00e9 inform\u00e1cie<\/h3>\n<p style=\"text-align: center;\">Otv\u00e1racie hodiny spolo\u010dnosti s\u00fa od 10.00-22.00hod. a posledn\u00e1 objedn\u00e1vka bude prijat\u00e1 22.00hod. Z\u00e1kazn\u00edk si m\u00f4\u017ee objedna\u0165 telefonicky na \u010d\u00edsle 0917 800 801 alebo priamo na na\u0161ej str\u00e1nke. Minim\u00e1lna hodnota objedn\u00e1vky je 8eur \/nevz\u0165ahuje sa na doplnkov\u00fd tovar-cigarety, cukrovinky, nealko\/. Pri osobnom odbere na na\u0161ej prev\u00e1dzke (Elektr\u00e1renska 2\/A) V\u00e1m bude poskytnut\u00e1 z\u013eava 10%. Objedn\u00e1vka mus\u00ed by\u0165 vopred nahl\u00e1sen\u00e1 cez telef\u00f3n alebo internet. Nevz\u0165ahuje sa na obedov\u00e9 menu a za objedn\u00e1vku sa nezapo\u010d\u00edtavaj\u00fa body do vernostn\u00e9ho syst\u00e9mu\/. Ku ka\u017ed\u00e9mu baleniu je prilo\u017een\u00e1 s\u00f3jov\u00e1 om\u00e1\u010dka, wasabi, nakladan\u00fd \u010fumbier a pali\u010dky v primeranom mno\u017estve vzh\u013eadom na ve\u013ekos\u0165 objedn\u00e1vky.<\/p>\n<p>[\/vc_column_text][vc_column_text css=&#8221;&#8221;]<\/p>\n<h2>\u010cl\u00e1nok I.<\/h2>\n<h3>\u00davod<\/h3>\n<p>Spolo\u010dnos\u0165 V\u0161etko od gastra s.r.o.., \u010csl. Para\u0161utistov 217\/31, 83103 Bratislava, I\u010cO: 57241562 (\u010falej len \u201ePoskytovate\u013e\u201c), ktor\u00e1 dod\u00e1va od gastronomick\u00fdch a in\u00fdm zariaden\u00ed jedl\u00e1, n\u00e1poje a in\u00fd tovar, vyd\u00e1va tieto V\u0161eobecn\u00e9 obchodn\u00e9 podmienky. Z\u00e1ujemca je fyzick\u00e1 alebo pr\u00e1vnick\u00e1 osoba, ktor\u00e1 si objedn\u00e1va tovar od poskytovate\u013ea.<\/p>\n<p><a href=\"https:\/\/yakuzasushi.sk\/en\/contact\/\">Kontaktn\u00e9 \u00fadaje<\/a>.<\/p>\n<h2>\u010cl\u00e1nok II.<\/h2>\n<h3>Priebeh objedn\u00e1vania a dod\u00e1vania<\/h3>\n<p><strong>1) Objedn\u00e1vanie prostredn\u00edctvom internetu<\/strong><\/p>\n<p>a) Z\u00e1ujemca prostredn\u00edctvom internetovej str\u00e1nky www.yakuzasushi.sk vypln\u00ed objedn\u00e1vkov\u00fd formul\u00e1r.<br \/>\nb) Poskytovate\u013e sp\u00e4tne potvrd\u00ed emailom prijatie objedn\u00e1vky a n\u00e1sledne za\u0161le \u010fal\u0161\u00ed email o akceptovan\u00ed, resp. odmietnut\u00ed vybavenia objedn\u00e1vky. \u010cas dodania je spravidla najsk\u00f4r o 60 min\u00fat.<br \/>\nc) Poskytovate\u013e objedn\u00e1vku dod\u00e1 na po\u017eadovan\u00fa adresu a z\u00e1ujemca ma tovar zaplaten\u00fd pod\u013ea mo\u017enosti a to: online platba , v hotovosti uhrad\u00ed alebo platbou kartou na mieste dodania.<\/p>\n<p><strong>2) Objedn\u00e1vanie prostredn\u00edctvom telef\u00f3nu<\/strong><\/p>\n<p>a) Z\u00e1ujemca prostredn\u00edctvom telef\u00f3nneho \u010d\u00edsla 0917 800 801 vykon\u00e1 objedn\u00e1vku.<br \/>\nb) Poskytovate\u013e dohodne so z\u00e1ujemcom \u010das dodania, ktor\u00fd je spravidla najsk\u00f4r o 60 min\u00fat. \u010cas doru\u010denia z\u00e1vis\u00ed od doby pr\u00edpravy jed\u00e1l v re\u0161taur\u00e1ci\u00e1ch a vy\u0165a\u017eenosti poskytovate\u013ea v \u010dase objedn\u00e1vky. Pr\u00edpadn\u00e9 \u010dasov\u00e9 posuny v don\u00e1\u0161ke rie\u0161i poskytovate\u013e individu\u00e1lne so z\u00e1ujemcom.<br \/>\nc) Poskytovate\u013e objedn\u00e1vku dod\u00e1 na po\u017eadovan\u00fa adresu a z\u00e1ujemca tovar uhrad\u00ed.<\/p>\n<h2>\u010cl\u00e1nok III.<\/h2>\n<h3>Pr\u00e1va a povinnosti Z\u00e1ujemcu<\/h3>\n<p>1) Z\u00e1ujemca m\u00e1 pr\u00e1vo na dod\u00e1vku objednan\u00e9ho tovaru v s\u00falade so V\u0161eobecn\u00fdmi podmienkami.<br \/>\n2) Z\u00e1ujemca m\u00e1 pr\u00e1vo na rie\u0161enie reklam\u00e1cie v s\u00falade so V\u0161eobecn\u00fdmi podmienkami.<br \/>\n3) Z\u00e1ujemca m\u00e1 pr\u00e1vo objedn\u00e1vku zru\u0161i\u0165 do 10 min\u00fat od zadania objedn\u00e1vky.<br \/>\n4) Ak z\u00e1ujemca objedn\u00e1vku zru\u0161\u00ed po danej lehote, jedlo\/tovar mu bude doru\u010den\u00e9 s pokladni\u010dn\u00fdm blokom ako pri be\u017enom postupe a bude od z\u00e1ujemcu po\u017eadovan\u00e1 \u00fahrada za objedn\u00e1vku.<\/p>\n<h2>\u010cl\u00e1nok IV.<\/h2>\n<h3>Pr\u00e1va a povinnosti Poskytovate\u013ea<\/h3>\n<p>1) Poskytovate\u013e zodpoved\u00e1 za dodr\u017eiavanie hygienick\u00fdch noriem po\u010das prepravy.<br \/>\n2) Poskytovate\u013e nezodpoved\u00e1 za ak\u00e9ko\u013evek \u0161kody, ktor\u00e9 by z\u00e1ujemcovi pr\u00edpadne vznikli v d\u00f4sledku nekvality zo strany re\u0161taur\u00e1cie.<br \/>\n3) Poskytovate\u013e m\u00e1 pr\u00e1vo na \u00fahradu objednanej slu\u017eby.<\/p>\n<h2>\u010cl\u00e1nok V.<\/h2>\n<h3>Reklam\u00e1cie<\/h3>\n<p>1) Poskytovate\u013e venuje maxim\u00e1lnu pozornos\u0165 spokojnosti z\u00e1kazn\u00edka a ka\u017ed\u00fa reklam\u00e1ciu zaznamen\u00e1va a vyhodnocuje.<br \/>\n2) Poskytovate\u013e nem\u00f4\u017ee z hygienick\u00fdch d\u00f4vodov kontrolova\u0165 kvalitu a in\u00e9 rozdiely v doru\u010den\u00fdch jedl\u00e1ch dod\u00e1van\u00fdch v termo-obaloch, ktor\u00e9 pripravila re\u0161taur\u00e1cia.<br \/>\n3) Pr\u00edpadn\u00e9 reklam\u00e1cie kvality a mno\u017estva jed\u00e1l, ozn\u00e1mte pros\u00edm na telef\u00f3nne \u010d\u00edslo 0917 800 801, kde vykon\u00e1me maximum pre vyrie\u0161enie Va\u0161ej reklam\u00e1cie.<br \/>\n4) V pr\u00edpade ak\u00fdchko\u013evek in\u00fdch skuto\u010dnost\u00ed, ktor\u00e9 by nar\u00fa\u0161ali Va\u0161u spokojnos\u0165, n\u00e1s nev\u00e1hajte kontaktova\u0165 po\u010das prev\u00e1dzkov\u00fdch hod\u00edn telefonicky na 0917 800 801 alebo mailom na info@sushidonaska.sk.<br \/>\n5) V pr\u00edpade, \u017ee nedok\u00e1\u017eeme vyrie\u0161i\u0165 Va\u0161u reklam\u00e1ciu okam\u017eite, budeme V\u00e1s kontaktova\u0165 najnesk\u00f4r nasleduj\u00faci pracovn\u00fd de\u0148.<\/p>\n<h2>\u010cl\u00e1nok VI.<\/h2>\n<h3>Z\u00e1vere\u010dn\u00e9 ustanovenia<\/h3>\n<p>1) Z\u00e1ujemca t\u00fdmto d\u00e1va s\u00fahlas na pr\u00edpadn\u00e9 spracovanie, spr\u00edstupnenie a zverejnenie svojich osobn\u00fdch \u00fadajov pod\u013ea z\u00e1kona \u010d. 428\/2002 Z.z. o ochrane osobn\u00fdch \u00fadajov v platnom znen\u00ed.<br \/>\n2) Poskytovate\u013e sa zav\u00e4zuje nepod\u00e1va\u0165 \u00fadaje a inform\u00e1cie z\u00edskan\u00e9 v r\u00e1mci vz\u00e1jomnej spolupr\u00e1ce tret\u00edm osob\u00e1m.<br \/>\n3) VOP nadob\u00fadaj\u00fa platnos\u0165 a \u00fa\u010dinnos\u0165 d\u0148a 2.10.2023.<br \/>\n4) Poskytovate\u013e je opr\u00e1vnen\u00fd jednostranne, \u00faplne alebo s\u010dasti, upravi\u0165, zmeni\u0165, doplni\u0165 alebo zru\u0161i\u0165 VOP, s \u010d\u00edm Z\u00e1ujemca s\u00fahlas\u00ed.<br \/>\n5) Nov\u00e9 V\u0161eobecn\u00e9 podmienky nadob\u00fadaj\u00fa platnos\u0165 a \u00fa\u010dinnos\u0165 ich zverejnen\u00edm na internetovej str\u00e1nke\u00a0<a href=\"http:\/\/www.yakuzasushi.sk\/\">www.yakuzasushi.sk<\/a><br \/>\n6) Objedn\u00e1vky obsahuj\u00face alkoholick\u00e9 n\u00e1poje, pre osoby mlad\u0161ie ako 18 rokov nevybavujeme.[\/vc_column_text][\/vc_column][\/vc_row]<\/p>\n<\/div>","protected":false},"excerpt":{"rendered":"<p>[vc_row][vc_column][vc_single_image image=&#8221;5221&#8243; img_size=&#8221;full&#8221; alignment=&#8221;center&#8221;][vc_column_text css=&#8221;.vc_custom_1696614667868{padding-top: 20px !important;padding-right: 20px !important;padding-bottom: 20px !important;padding-left: 20px !important;background-color: #f2f2f2 !important;}&#8221;] D\u00f4le\u017eit\u00e9 inform\u00e1cie Otv\u00e1racie hodiny spolo\u010dnosti s\u00fa od 10.00-22.00hod. a posledn\u00e1 objedn\u00e1vka bude prijat\u00e1 22.00hod. Z\u00e1kazn\u00edk si m\u00f4\u017ee objedna\u0165 telefonicky na \u010d\u00edsle 0917 800 801 alebo priamo na na\u0161ej str\u00e1nke. Minim\u00e1lna&#8230;<\/p>\n","protected":false},"author":1,"featured_media":0,"parent":0,"menu_order":0,"comment_status":"closed","ping_status":"closed","template":"","meta":{"footnotes":""},"class_list":["post-5220","page","type-page","status-publish","hentry"],"_links":{"self":[{"href":"https:\/\/yakuzasushi.sk\/en\/wp-json\/wp\/v2\/pages\/5220","targetHints":{"allow":["GET"]}}],"collection":[{"href":"https:\/\/yakuzasushi.sk\/en\/wp-json\/wp\/v2\/pages"}],"about":[{"href":"https:\/\/yakuzasushi.sk\/en\/wp-json\/wp\/v2\/types\/page"}],"author":[{"embeddable":true,"href":"https:\/\/yakuzasushi.sk\/en\/wp-json\/wp\/v2\/users\/1"}],"replies":[{"embeddable":true,"href":"https:\/\/yakuzasushi.sk\/en\/wp-json\/wp\/v2\/comments?post=5220"}],"version-history":[{"count":4,"href":"https:\/\/yakuzasushi.sk\/en\/wp-json\/wp\/v2\/pages\/5220\/revisions"}],"predecessor-version":[{"id":354956,"href":"https:\/\/yakuzasushi.sk\/en\/wp-json\/wp\/v2\/pages\/5220\/revisions\/354956"}],"wp:attachment":[{"href":"https:\/\/yakuzasushi.sk\/en\/wp-json\/wp\/v2\/media?parent=5220"}],"curies":[{"name":"wp","href":"https:\/\/api.w.org\/{rel}","templated":true}]}}